{"id":5314,"date":"2024-03-29T07:15:51","date_gmt":"2024-03-29T06:15:51","guid":{"rendered":"https:\/\/www.ocof-cmr.org\/?page_id=5314"},"modified":"2024-06-26T22:02:57","modified_gmt":"2024-06-26T21:02:57","slug":"actions-des-partenaire","status":"publish","type":"page","link":"https:\/\/www.ocof-cmr.org\/en\/actions-des-partenaire\/","title":{"rendered":"Actions des partenaire"},"content":{"rendered":"<div data-elementor-type=\"wp-page\" data-elementor-id=\"5314\" class=\"elementor elementor-5314\">\n\t\t\t\t\t\t<section class=\"elementor-section elementor-top-section elementor-element elementor-element-3e41861 elementor-section-height-min-height elementor-section-stretched elementor-section-boxed elementor-section-height-default elementor-section-items-middle exad-glass-effect-no exad-sticky-section-no\" data-id=\"3e41861\" data-element_type=\"section\" data-settings=\"{&quot;background_background&quot;:&quot;gradient&quot;,&quot;stretch_section&quot;:&quot;section-stretched&quot;}\">\n\t\t\t\t\t\t\t<div class=\"elementor-background-overlay\"><\/div>\n\t\t\t\t\t\t\t<div class=\"elementor-container elementor-column-gap-default\">\n\t\t\t\t\t<div class=\"elementor-column elementor-col-100 elementor-top-column elementor-element elementor-element-5c26dc8 exad-glass-effect-no exad-sticky-section-no\" data-id=\"5c26dc8\" data-element_type=\"column\" data-settings=\"{&quot;background_background&quot;:&quot;classic&quot;}\">\n\t\t\t<div class=\"elementor-widget-wrap elementor-element-populated\">\n\t\t\t\t\t\t<div class=\"elementor-element elementor-element-b48cbba exad-sticky-section-no exad-glass-effect-no elementor-widget elementor-widget-sina_title\" data-id=\"b48cbba\" data-element_type=\"widget\" data-widget_type=\"sina_title.default\">\n\t\t\t\t<div class=\"elementor-widget-container\">\n\t\t\t\t\t\t\t<div class=\"sina-title\">\r\n\t\t\t\r\n\t\t\t\t\t\t\t<h2 class=\"sina-title-title\">Actions des Partenaire<\/h2>\t\t\t\r\n\t\t\t\r\n\t\t\t\t\t\t\t<h3 class=\"sina-title-subtitle\">Partenariats Impactants<\/h3>\t\t\t\r\n\t\t\t\t\t\t\t<div class=\"sina-title-desc\">Les partenariats jouent un r\u00f4le crucial dans la mission d'Our Children Our Future (OCOF) pour prot\u00e9ger et soutenir les enfants. Nous sommes fiers de collaborer avec des organisations telles que Amber Alerts pour faire avancer notre mission commune. D\u00e9couvrez comment notre partenariat avec Amber Alerts contribue \u00e0 la s\u00e9curit\u00e9 et au bien-\u00eatre des enfants \u00e0 travers leurs actions remarquables.<\/div>\t\t\t\t\t<\/div><!-- .sina-title -->\r\n\t\t\t\t\t\t<\/div>\n\t\t\t\t<\/div>\n\t\t\t\t\t<\/div>\n\t\t<\/div>\n\t\t\t\t\t<\/div>\n\t\t<\/section>\n\t\t\t\t<section class=\"elementor-section elementor-top-section elementor-element elementor-element-c8772d3 elementor-section-boxed elementor-section-height-default elementor-section-height-default exad-glass-effect-no exad-sticky-section-no\" data-id=\"c8772d3\" data-element_type=\"section\" data-settings=\"{&quot;background_background&quot;:&quot;classic&quot;}\">\n\t\t\t\t\t\t<div class=\"elementor-container elementor-column-gap-default\">\n\t\t\t\t\t<div class=\"elementor-column elementor-col-100 elementor-top-column elementor-element elementor-element-4da00b1 exad-glass-effect-no exad-sticky-section-no\" data-id=\"4da00b1\" data-element_type=\"column\">\n\t\t\t<div class=\"elementor-widget-wrap elementor-element-populated\">\n\t\t\t\t\t\t<div class=\"elementor-element elementor-element-5e6c51b exad-sticky-section-no exad-glass-effect-no elementor-widget elementor-widget-image\" data-id=\"5e6c51b\" data-element_type=\"widget\" data-widget_type=\"image.default\">\n\t\t\t\t<div class=\"elementor-widget-container\">\n\t\t\t\t\t\t\t\t\t\t\t\t\t\t\t<img fetchpriority=\"high\" decoding=\"async\" width=\"480\" height=\"679\" src=\"https:\/\/www.ocof-cmr.org\/wp-content\/uploads\/2024\/06\/9e56dc3d-36db-455d-a1ef-7381ee00dd83.jpg\" class=\"attachment-large size-large wp-image-5339\" alt=\"\" srcset=\"https:\/\/www.ocof-cmr.org\/wp-content\/uploads\/2024\/06\/9e56dc3d-36db-455d-a1ef-7381ee00dd83.jpg 480w, https:\/\/www.ocof-cmr.org\/wp-content\/uploads\/2024\/06\/9e56dc3d-36db-455d-a1ef-7381ee00dd83-212x300.jpg 212w, https:\/\/www.ocof-cmr.org\/wp-content\/uploads\/2024\/06\/9e56dc3d-36db-455d-a1ef-7381ee00dd83-8x12.jpg 8w\" sizes=\"(max-width: 480px) 100vw, 480px\" \/>\t\t\t\t\t\t\t\t\t\t\t\t\t\t\t<\/div>\n\t\t\t\t<\/div>\n\t\t\t\t<div class=\"elementor-element elementor-element-0ea201d exad-sticky-section-no exad-glass-effect-no elementor-widget elementor-widget-sina_title\" data-id=\"0ea201d\" data-element_type=\"widget\" data-widget_type=\"sina_title.default\">\n\t\t\t\t<div class=\"elementor-widget-container\">\n\t\t\t\t\t\t\t<div class=\"sina-title\">\r\n\t\t\t\r\n\t\t\t\t\t\t\t<h2 class=\"sina-title-title\"> Journ\u00e9e mondiale de l'enfant africain #JEA2024<\/h2>\t\t\t\r\n\t\t\t\r\n\t\t\t\t\t\t\t<h3 class=\"sina-title-subtitle\">Association Art et Vivre-Ensemble - 20 Mai<\/h3>\t\t\t\r\n\t\t\t\t\t\t\t<div class=\"sina-title-desc\">Nous sommes heureux de vous convier cette ann\u00e9e \u00e0 la Journ\u00e9e mondiale de l'enfant africain. Nos invit\u00e9s d'honneur sont les enfants \u00e0 besoins sp\u00e9cifiques et les enfants vuln\u00e9rables de Bonaberi.<\/div>\t\t\t\t\t<\/div><!-- .sina-title -->\r\n\t\t\t\t\t\t<\/div>\n\t\t\t\t<\/div>\n\t\t\t\t<div class=\"elementor-element elementor-element-9e3e32a exad-sticky-section-no exad-glass-effect-no elementor-widget elementor-widget-sina_title\" data-id=\"9e3e32a\" data-element_type=\"widget\" data-widget_type=\"sina_title.default\">\n\t\t\t\t<div class=\"elementor-widget-container\">\n\t\t\t\t\t\t\t<div class=\"sina-title\">\r\n\t\t\t\r\n\t\t\t\r\n\t\t\t\r\n\t\t\t\r\n\t\t\t\t\t\t\t<div class=\"sina-title-desc\">Si notre cause vous parle, merci de nous soutenir mat\u00e9riellement et\/ou financi\u00e8rement. Toutes les informations sont disponibles sur le visuel ci-dessous.<\/div>\t\t\t\t\t<\/div><!-- .sina-title -->\r\n\t\t\t\t\t\t<\/div>\n\t\t\t\t<\/div>\n\t\t\t\t<div class=\"elementor-element elementor-element-9a12f8c exad-sticky-section-no exad-glass-effect-no elementor-widget elementor-widget-sina_title\" data-id=\"9a12f8c\" data-element_type=\"widget\" data-widget_type=\"sina_title.default\">\n\t\t\t\t<div class=\"elementor-widget-container\">\n\t\t\t\t\t\t\t<div class=\"sina-title\">\r\n\t\t\t\r\n\t\t\t\r\n\t\t\t\r\n\t\t\t\r\n\t\t\t\t\t\t\t<div class=\"sina-title-desc\">Un merci sp\u00e9cial \u00e0 Victor Andzene qui va faire d\u00e9couvrir le tambour \u00e0 nos enfants et \u00e0 Serge Mbarga Owona qui va apprendre \u00e0 nos enfants \u00e0 jouer au Songo. Merci \u00e9galement aux Consultations po\u00e9tiques et musicales de Douala qui seront des n\u00f4tres, et \u00e0 Christelle Leuwe qui jouera avec les perles et les couleurs pour nous apprendre \u00e0 fabriquer nos propres bracelets.<\/div>\t\t\t\t\t<\/div><!-- .sina-title -->\r\n\t\t\t\t\t\t<\/div>\n\t\t\t\t<\/div>\n\t\t\t\t<div class=\"elementor-element elementor-element-3ddd03a exad-sticky-section-no exad-glass-effect-no elementor-widget elementor-widget-sina_title\" data-id=\"3ddd03a\" data-element_type=\"widget\" data-widget_type=\"sina_title.default\">\n\t\t\t\t<div class=\"elementor-widget-container\">\n\t\t\t\t\t\t\t<div class=\"sina-title\">\r\n\t\t\t\r\n\t\t\t\r\n\t\t\t\r\n\t\t\t\r\n\t\t\t\t\t\t\t<div class=\"sina-title-desc\">Nous aurons aussi un \u00e9change sur les discours de haine, et Jeannette Mache nous apprendra \u00e0 concocter un savoureux plat traditionnel.<\/div>\t\t\t\t\t<\/div><!-- .sina-title -->\r\n\t\t\t\t\t\t<\/div>\n\t\t\t\t<\/div>\n\t\t\t\t<div class=\"elementor-element elementor-element-2d45def exad-sticky-section-no exad-glass-effect-no elementor-widget elementor-widget-sina_title\" data-id=\"2d45def\" data-element_type=\"widget\" data-widget_type=\"sina_title.default\">\n\t\t\t\t<div class=\"elementor-widget-container\">\n\t\t\t\t\t\t\t<div class=\"sina-title\">\r\n\t\t\t\r\n\t\t\t\t\t\t\t<h2 class=\"sina-title-title\">Partenaires et soutiens<\/h2>\t\t\t\r\n\t\t\t\r\n\t\t\t\t\t\t\t<h3 class=\"sina-title-subtitle\">Merci \u00e0 nos partenaires et soutiens :<\/h3>\t\t\t\r\n\t\t\t\t\t\t\t<div class=\"sina-title-desc\">Unesco Yaound\u00e9 |\nDefyhatenow_WCA |\nMairie de Douala 4 |\nTh\u00e9\u00e2tre de la Ville - Paris |\nInstitut fran\u00e7ais du Cameroun |\nUNICEF |\nOur Children Our Future (OCOF) |\nSolution Autisme Cameroun |\nLa Maison Bleue de Julien |\nPrince Sally |\nFondation Guy Martial |\nCulture Autisme et Sensibilisation (CAUSE) <\/div>\t\t\t\t\t<\/div><!-- .sina-title -->\r\n\t\t\t\t\t\t<\/div>\n\t\t\t\t<\/div>\n\t\t\t\t<div class=\"elementor-element elementor-element-e5e847f exad-sticky-section-no exad-glass-effect-no elementor-widget elementor-widget-sina_title\" data-id=\"e5e847f\" data-element_type=\"widget\" data-widget_type=\"sina_title.default\">\n\t\t\t\t<div class=\"elementor-widget-container\">\n\t\t\t\t\t\t\t<div class=\"sina-title\">\r\n\t\t\t\r\n\t\t\t\t\t\t\t<h2 class=\"sina-title-title\">Restez Connect\u00e9s<\/h2>\t\t\t\r\n\t\t\t\r\n\t\t\t\t\t\t\t<h3 class=\"sina-title-subtitle\">Pour plus d'informations, veuillez suivre nos pages et soutenir notre cause.<\/h3>\t\t\t\r\n\t\t\t\t\t<\/div><!-- .sina-title -->\r\n\t\t\t\t\t\t<\/div>\n\t\t\t\t<\/div>\n\t\t\t\t<div class=\"exad-link-anything-wrapper elementor-element elementor-element-fc86516 exad-sticky-section-no exad-glass-effect-no elementor-widget elementor-widget-sina_title\" data-exad-element-link=\"{&quot;url&quot;:&quot;https:\\\/\\\/www.facebook.com\\\/share\\\/p\\\/G8ZfAFgpEG9wbECX\\\/?mibextid=xfxF2i&quot;,&quot;is_external&quot;:&quot;on&quot;,&quot;nofollow&quot;:&quot;&quot;,&quot;custom_attributes&quot;:&quot;&quot;}\" style=\"cursor: pointer\" data-id=\"fc86516\" data-element_type=\"widget\" data-widget_type=\"sina_title.default\">\n\t\t\t\t<div class=\"elementor-widget-container\">\n\t\t\t\t\t\t\t<div class=\"sina-title\">\r\n\t\t\t\r\n\t\t\t\r\n\t\t\t\r\n\t\t\t\r\n\t\t\t\t\t\t\t<div class=\"sina-title-desc\">https:\/\/www.facebook.com\/share\/p\/G8ZfAFgpEG9wbECX\/?mibextid=xfxF2i<\/div>\t\t\t\t\t<\/div><!-- .sina-title -->\r\n\t\t\t\t\t\t<\/div>\n\t\t\t\t<\/div>\n\t\t\t\t\t<\/div>\n\t\t<\/div>\n\t\t\t\t\t<\/div>\n\t\t<\/section>\n\t\t\t\t<section class=\"elementor-section elementor-top-section elementor-element elementor-element-81e2722 elementor-section-full_width elementor-section-stretched elementor-section-height-default elementor-section-height-default exad-glass-effect-no exad-sticky-section-no\" data-id=\"81e2722\" data-element_type=\"section\" data-settings=\"{&quot;background_background&quot;:&quot;classic&quot;,&quot;stretch_section&quot;:&quot;section-stretched&quot;}\">\n\t\t\t\t\t\t<div class=\"elementor-container elementor-column-gap-default\">\n\t\t\t\t\t<div class=\"elementor-column elementor-col-100 elementor-top-column elementor-element elementor-element-eb462bb exad-glass-effect-no exad-sticky-section-no\" data-id=\"eb462bb\" data-element_type=\"column\">\n\t\t\t<div class=\"elementor-widget-wrap elementor-element-populated\">\n\t\t\t\t\t\t<div class=\"elementor-element elementor-element-0b86dac elementor-pagination-position-inside elementor-arrows-position-inside exad-sticky-section-no exad-glass-effect-no elementor-widget elementor-widget-image-carousel\" data-id=\"0b86dac\" data-element_type=\"widget\" data-settings=\"{&quot;navigation&quot;:&quot;both&quot;,&quot;autoplay&quot;:&quot;yes&quot;,&quot;pause_on_hover&quot;:&quot;yes&quot;,&quot;pause_on_interaction&quot;:&quot;yes&quot;,&quot;autoplay_speed&quot;:5000,&quot;infinite&quot;:&quot;yes&quot;,&quot;speed&quot;:500}\" data-widget_type=\"image-carousel.default\">\n\t\t\t\t<div class=\"elementor-widget-container\">\n\t\t\t\t\t\t\t<div class=\"elementor-image-carousel-wrapper swiper\" role=\"region\" aria-roledescription=\"carousel\" aria-label=\"Carrousel d\u2019images\" dir=\"ltr\">\n\t\t\t<div class=\"elementor-image-carousel swiper-wrapper\" aria-live=\"off\">\n\t\t\t\t\t\t\t\t<div class=\"swiper-slide\" role=\"group\" aria-roledescription=\"slide\" aria-label=\"1 sur 5\"><figure class=\"swiper-slide-inner\"><img decoding=\"async\" class=\"swiper-slide-image\" src=\"https:\/\/www.ocof-cmr.org\/wp-content\/uploads\/2024\/03\/partenenaire1-1024x682.jpg\" alt=\"partenenaire1\" \/><\/figure><\/div><div class=\"swiper-slide\" role=\"group\" aria-roledescription=\"slide\" aria-label=\"2 sur 5\"><figure class=\"swiper-slide-inner\"><img decoding=\"async\" class=\"swiper-slide-image\" src=\"https:\/\/www.ocof-cmr.org\/wp-content\/uploads\/2024\/03\/partenenaire2-1024x682.jpg\" alt=\"partenenaire2\" \/><\/figure><\/div><div class=\"swiper-slide\" role=\"group\" aria-roledescription=\"slide\" aria-label=\"3 sur 5\"><figure class=\"swiper-slide-inner\"><img decoding=\"async\" class=\"swiper-slide-image\" src=\"https:\/\/www.ocof-cmr.org\/wp-content\/uploads\/2024\/03\/partenenaire3-1024x682.jpg\" alt=\"partenenaire3\" \/><\/figure><\/div><div class=\"swiper-slide\" role=\"group\" aria-roledescription=\"slide\" aria-label=\"4 sur 5\"><figure class=\"swiper-slide-inner\"><img decoding=\"async\" class=\"swiper-slide-image\" src=\"https:\/\/www.ocof-cmr.org\/wp-content\/uploads\/2024\/03\/partenenaire4-1024x682.jpg\" alt=\"partenenaire4\" \/><\/figure><\/div><div class=\"swiper-slide\" role=\"group\" aria-roledescription=\"slide\" aria-label=\"5 sur 5\"><figure class=\"swiper-slide-inner\"><img decoding=\"async\" class=\"swiper-slide-image\" src=\"https:\/\/www.ocof-cmr.org\/wp-content\/uploads\/2024\/03\/partenenaire5-1024x682.jpg\" alt=\"partenenaire5\" \/><\/figure><\/div>\t\t\t<\/div>\n\t\t\t\t\t\t\t\t\t\t\t\t<div class=\"elementor-swiper-button elementor-swiper-button-prev\" role=\"button\" tabindex=\"0\">\n\t\t\t\t\t\t<i aria-hidden=\"true\" class=\"eicon-chevron-left\"><\/i>\t\t\t\t\t<\/div>\n\t\t\t\t\t<div class=\"elementor-swiper-button elementor-swiper-button-next\" role=\"button\" tabindex=\"0\">\n\t\t\t\t\t\t<i aria-hidden=\"true\" class=\"eicon-chevron-right\"><\/i>\t\t\t\t\t<\/div>\n\t\t\t\t\n\t\t\t\t\t\t\t\t\t<div class=\"swiper-pagination\"><\/div>\n\t\t\t\t\t\t\t\t\t<\/div>\n\t\t\t\t\t\t<\/div>\n\t\t\t\t<\/div>\n\t\t\t\t<div class=\"elementor-element elementor-element-87897cc exad-sticky-section-no exad-glass-effect-no elementor-widget elementor-widget-sina_title\" data-id=\"87897cc\" data-element_type=\"widget\" data-widget_type=\"sina_title.default\">\n\t\t\t\t<div class=\"elementor-widget-container\">\n\t\t\t\t\t\t\t<div class=\"sina-title\">\r\n\t\t\t\r\n\t\t\t\t\t\t\t<h2 class=\"sina-title-title\">Actions Impactantes de notre Partenaire<\/h2>\t\t\t\r\n\t\t\t\r\n\t\t\t\r\n\t\t\t\t\t\t\t<div class=\"sina-title-desc\">Notre partenariat avec [Nom du Partenaire] a r\u00e9cemment abouti \u00e0 une initiative r\u00e9volutionnaire visant \u00e0 renforcer la s\u00e9curit\u00e9 des enfants au Kenya. En collaboration avec le DCI - Unit\u00e9 de Lutte contre la Traite des \u00catres Humains et la Protection de l'Enfance (AHTCPU) et Missing Child Kenya, Meta a lanc\u00e9 les Alertes AMBER sur Facebook et Instagram, d\u00e9sormais disponibles au Kenya sous le nom d'Alerte d'Urgence pour Enfants du Kenya (KECA).<\/div>\t\t\t\t\t<\/div><!-- .sina-title -->\r\n\t\t\t\t\t\t<\/div>\n\t\t\t\t<\/div>\n\t\t\t\t<div class=\"elementor-element elementor-element-fd2acee exad-sticky-section-no exad-glass-effect-no elementor-widget elementor-widget-sina_title\" data-id=\"fd2acee\" data-element_type=\"widget\" data-widget_type=\"sina_title.default\">\n\t\t\t\t<div class=\"elementor-widget-container\">\n\t\t\t\t\t\t\t<div class=\"sina-title\">\r\n\t\t\t\r\n\t\t\t\r\n\t\t\t\r\n\t\t\t\r\n\t\t\t\t\t\t\t<div class=\"sina-title-desc\">Cette initiative marque un tournant majeur dans la recherche d'enfants disparus, offrant une plateforme accessible \u00e0 un large public pour signaler les disparitions et contribuer aux efforts de recherche. Gr\u00e2ce aux Alertes AMBER, les utilisateurs de Facebook et Instagram dans la zone de recherche d\u00e9sign\u00e9e peuvent recevoir des alertes en temps r\u00e9el, fournissant des informations cruciales sur les enfants disparus et mobilisant la communaut\u00e9 pour aider \u00e0 les retrouver.<\/div>\t\t\t\t\t<\/div><!-- .sina-title -->\r\n\t\t\t\t\t\t<\/div>\n\t\t\t\t<\/div>\n\t\t\t\t<div class=\"elementor-element elementor-element-f5ba551 exad-sticky-section-no exad-glass-effect-no elementor-widget elementor-widget-sina_title\" data-id=\"f5ba551\" data-element_type=\"widget\" data-widget_type=\"sina_title.default\">\n\t\t\t\t<div class=\"elementor-widget-container\">\n\t\t\t\t\t\t\t<div class=\"sina-title\">\r\n\t\t\t\r\n\t\t\t\r\n\t\t\t\r\n\t\t\t\r\n\t\t\t\t\t\t\t<div class=\"sina-title-desc\">En tant que quatri\u00e8me pays africain \u00e0 rejoindre le programme Facebook Amber Alerts, le Kenya s'engage \u00e0 prot\u00e9ger ses enfants et \u00e0 mobiliser la communaut\u00e9 pour assurer leur s\u00e9curit\u00e9. Cette collaboration d\u00e9montre l'impact positif que les partenariats peuvent avoir sur la protection des enfants et la mobilisation de la soci\u00e9t\u00e9 dans la lutte contre la traite des \u00eatres humains et la disparition des enfants.<\/div>\t\t\t\t\t<\/div><!-- .sina-title -->\r\n\t\t\t\t\t\t<\/div>\n\t\t\t\t<\/div>\n\t\t\t\t\t<\/div>\n\t\t<\/div>\n\t\t\t\t\t<\/div>\n\t\t<\/section>\n\t\t\t\t<\/div>","protected":false},"excerpt":{"rendered":"<p>Actions des Partenaire Partenariats Impactants Les partenariats jouent un r\u00f4le crucial dans la mission d&rsquo;Our Children Our Future (OCOF) pour prot\u00e9ger et soutenir les enfants. Nous sommes fiers de collaborer avec des organisations telles que Amber Alerts pour faire avancer notre mission commune. D\u00e9couvrez comment notre partenariat avec Amber Alerts contribue \u00e0 la s\u00e9curit\u00e9 et au bien-\u00eatre des enfants \u00e0 [&hellip;]<\/p>","protected":false},"author":5,"featured_media":0,"parent":0,"menu_order":0,"comment_status":"closed","ping_status":"closed","template":"","meta":{"footnotes":""},"class_list":["post-5314","page","type-page","status-publish","hentry"],"yoast_head":"<!-- This site is optimized with the Yoast SEO plugin v26.7 - https:\/\/yoast.com\/wordpress\/plugins\/seo\/ -->\n<title>Actions des partenaire - OCOF<\/title>\n<meta name=\"robots\" content=\"index, follow, max-snippet:-1, max-image-preview:large, max-video-preview:-1\" \/>\n<link rel=\"canonical\" href=\"https:\/\/www.ocof-cmr.org\/en\/actions-des-partenaire\/\" \/>\n<meta property=\"og:locale\" content=\"en_US\" \/>\n<meta property=\"og:type\" content=\"article\" \/>\n<meta property=\"og:title\" content=\"Actions des partenaire - OCOF\" \/>\n<meta property=\"og:description\" content=\"Actions des Partenaire Partenariats Impactants Les partenariats jouent un r\u00f4le crucial dans la mission d&rsquo;Our Children Our Future (OCOF) pour prot\u00e9ger et soutenir les enfants. Nous sommes fiers de collaborer avec des organisations telles que Amber Alerts pour faire avancer notre mission commune. D\u00e9couvrez comment notre partenariat avec Amber Alerts contribue \u00e0 la s\u00e9curit\u00e9 et au bien-\u00eatre des enfants \u00e0 [&hellip;]\" \/>\n<meta property=\"og:url\" content=\"https:\/\/www.ocof-cmr.org\/en\/actions-des-partenaire\/\" \/>\n<meta property=\"og:site_name\" content=\"OCOF\" \/>\n<meta property=\"article:publisher\" content=\"https:\/\/www.facebook.com\/AUNOMDENOSENFANTS\/\" \/>\n<meta property=\"article:modified_time\" content=\"2024-06-26T21:02:57+00:00\" \/>\n<meta property=\"og:image\" content=\"https:\/\/www.ocof-cmr.org\/wp-content\/uploads\/2024\/06\/9e56dc3d-36db-455d-a1ef-7381ee00dd83.jpg\" \/>\n<meta name=\"twitter:card\" content=\"summary_large_image\" \/>\n<meta name=\"twitter:label1\" content=\"Est. reading time\" \/>\n\t<meta name=\"twitter:data1\" content=\"5 minutes\" \/>\n<script type=\"application\/ld+json\" class=\"yoast-schema-graph\">{\"@context\":\"https:\/\/schema.org\",\"@graph\":[{\"@type\":\"WebPage\",\"@id\":\"https:\/\/www.ocof-cmr.org\/actions-des-partenaire\/\",\"url\":\"https:\/\/www.ocof-cmr.org\/actions-des-partenaire\/\",\"name\":\"Actions des partenaire - OCOF\",\"isPartOf\":{\"@id\":\"https:\/\/www.ocof-cmr.org\/#website\"},\"primaryImageOfPage\":{\"@id\":\"https:\/\/www.ocof-cmr.org\/actions-des-partenaire\/#primaryimage\"},\"image\":{\"@id\":\"https:\/\/www.ocof-cmr.org\/actions-des-partenaire\/#primaryimage\"},\"thumbnailUrl\":\"https:\/\/www.ocof-cmr.org\/wp-content\/uploads\/2024\/06\/9e56dc3d-36db-455d-a1ef-7381ee00dd83.jpg\",\"datePublished\":\"2024-03-29T06:15:51+00:00\",\"dateModified\":\"2024-06-26T21:02:57+00:00\",\"breadcrumb\":{\"@id\":\"https:\/\/www.ocof-cmr.org\/actions-des-partenaire\/#breadcrumb\"},\"inLanguage\":\"en-US\",\"potentialAction\":[{\"@type\":\"ReadAction\",\"target\":[\"https:\/\/www.ocof-cmr.org\/actions-des-partenaire\/\"]}]},{\"@type\":\"ImageObject\",\"inLanguage\":\"en-US\",\"@id\":\"https:\/\/www.ocof-cmr.org\/actions-des-partenaire\/#primaryimage\",\"url\":\"https:\/\/www.ocof-cmr.org\/wp-content\/uploads\/2024\/06\/9e56dc3d-36db-455d-a1ef-7381ee00dd83.jpg\",\"contentUrl\":\"https:\/\/www.ocof-cmr.org\/wp-content\/uploads\/2024\/06\/9e56dc3d-36db-455d-a1ef-7381ee00dd83.jpg\"},{\"@type\":\"BreadcrumbList\",\"@id\":\"https:\/\/www.ocof-cmr.org\/actions-des-partenaire\/#breadcrumb\",\"itemListElement\":[{\"@type\":\"ListItem\",\"position\":1,\"name\":\"Accueil\",\"item\":\"https:\/\/www.ocof-cmr.org\/\"},{\"@type\":\"ListItem\",\"position\":2,\"name\":\"Actions des partenaire\"}]},{\"@type\":\"WebSite\",\"@id\":\"https:\/\/www.ocof-cmr.org\/#website\",\"url\":\"https:\/\/www.ocof-cmr.org\/\",\"name\":\"Our Children Our Future\",\"description\":\"\",\"publisher\":{\"@id\":\"https:\/\/www.ocof-cmr.org\/#organization\"},\"potentialAction\":[{\"@type\":\"SearchAction\",\"target\":{\"@type\":\"EntryPoint\",\"urlTemplate\":\"https:\/\/www.ocof-cmr.org\/?s={search_term_string}\"},\"query-input\":{\"@type\":\"PropertyValueSpecification\",\"valueRequired\":true,\"valueName\":\"search_term_string\"}}],\"inLanguage\":\"en-US\"},{\"@type\":\"Organization\",\"@id\":\"https:\/\/www.ocof-cmr.org\/#organization\",\"name\":\"ONG Our Children Our Future\",\"url\":\"https:\/\/www.ocof-cmr.org\/\",\"logo\":{\"@type\":\"ImageObject\",\"inLanguage\":\"en-US\",\"@id\":\"https:\/\/www.ocof-cmr.org\/#\/schema\/logo\/image\/\",\"url\":\"https:\/\/www.ocof-cmr.org\/wp-content\/uploads\/2023\/02\/Variante-1@4x-100.jpg\",\"contentUrl\":\"https:\/\/www.ocof-cmr.org\/wp-content\/uploads\/2023\/02\/Variante-1@4x-100.jpg\",\"width\":714,\"height\":962,\"caption\":\"ONG Our Children Our Future\"},\"image\":{\"@id\":\"https:\/\/www.ocof-cmr.org\/#\/schema\/logo\/image\/\"},\"sameAs\":[\"https:\/\/www.facebook.com\/AUNOMDENOSENFANTS\/\"]}]}<\/script>\n<!-- \/ Yoast SEO plugin. -->","yoast_head_json":{"title":"Actions des partenaire - OCOF","robots":{"index":"index","follow":"follow","max-snippet":"max-snippet:-1","max-image-preview":"max-image-preview:large","max-video-preview":"max-video-preview:-1"},"canonical":"https:\/\/www.ocof-cmr.org\/en\/actions-des-partenaire\/","og_locale":"en_US","og_type":"article","og_title":"Actions des partenaire - OCOF","og_description":"Actions des Partenaire Partenariats Impactants Les partenariats jouent un r\u00f4le crucial dans la mission d&rsquo;Our Children Our Future (OCOF) pour prot\u00e9ger et soutenir les enfants. Nous sommes fiers de collaborer avec des organisations telles que Amber Alerts pour faire avancer notre mission commune. D\u00e9couvrez comment notre partenariat avec Amber Alerts contribue \u00e0 la s\u00e9curit\u00e9 et au bien-\u00eatre des enfants \u00e0 [&hellip;]","og_url":"https:\/\/www.ocof-cmr.org\/en\/actions-des-partenaire\/","og_site_name":"OCOF","article_publisher":"https:\/\/www.facebook.com\/AUNOMDENOSENFANTS\/","article_modified_time":"2024-06-26T21:02:57+00:00","og_image":[{"url":"https:\/\/www.ocof-cmr.org\/wp-content\/uploads\/2024\/06\/9e56dc3d-36db-455d-a1ef-7381ee00dd83.jpg","type":"","width":"","height":""}],"twitter_card":"summary_large_image","twitter_misc":{"Est. reading time":"5 minutes"},"schema":{"@context":"https:\/\/schema.org","@graph":[{"@type":"WebPage","@id":"https:\/\/www.ocof-cmr.org\/actions-des-partenaire\/","url":"https:\/\/www.ocof-cmr.org\/actions-des-partenaire\/","name":"Actions des partenaire - OCOF","isPartOf":{"@id":"https:\/\/www.ocof-cmr.org\/#website"},"primaryImageOfPage":{"@id":"https:\/\/www.ocof-cmr.org\/actions-des-partenaire\/#primaryimage"},"image":{"@id":"https:\/\/www.ocof-cmr.org\/actions-des-partenaire\/#primaryimage"},"thumbnailUrl":"https:\/\/www.ocof-cmr.org\/wp-content\/uploads\/2024\/06\/9e56dc3d-36db-455d-a1ef-7381ee00dd83.jpg","datePublished":"2024-03-29T06:15:51+00:00","dateModified":"2024-06-26T21:02:57+00:00","breadcrumb":{"@id":"https:\/\/www.ocof-cmr.org\/actions-des-partenaire\/#breadcrumb"},"inLanguage":"en-US","potentialAction":[{"@type":"ReadAction","target":["https:\/\/www.ocof-cmr.org\/actions-des-partenaire\/"]}]},{"@type":"ImageObject","inLanguage":"en-US","@id":"https:\/\/www.ocof-cmr.org\/actions-des-partenaire\/#primaryimage","url":"https:\/\/www.ocof-cmr.org\/wp-content\/uploads\/2024\/06\/9e56dc3d-36db-455d-a1ef-7381ee00dd83.jpg","contentUrl":"https:\/\/www.ocof-cmr.org\/wp-content\/uploads\/2024\/06\/9e56dc3d-36db-455d-a1ef-7381ee00dd83.jpg"},{"@type":"BreadcrumbList","@id":"https:\/\/www.ocof-cmr.org\/actions-des-partenaire\/#breadcrumb","itemListElement":[{"@type":"ListItem","position":1,"name":"Accueil","item":"https:\/\/www.ocof-cmr.org\/"},{"@type":"ListItem","position":2,"name":"Actions des partenaire"}]},{"@type":"WebSite","@id":"https:\/\/www.ocof-cmr.org\/#website","url":"https:\/\/www.ocof-cmr.org\/","name":"Our Children Our Future","description":"","publisher":{"@id":"https:\/\/www.ocof-cmr.org\/#organization"},"potentialAction":[{"@type":"SearchAction","target":{"@type":"EntryPoint","urlTemplate":"https:\/\/www.ocof-cmr.org\/?s={search_term_string}"},"query-input":{"@type":"PropertyValueSpecification","valueRequired":true,"valueName":"search_term_string"}}],"inLanguage":"en-US"},{"@type":"Organization","@id":"https:\/\/www.ocof-cmr.org\/#organization","name":"ONG Our Children Our Future","url":"https:\/\/www.ocof-cmr.org\/","logo":{"@type":"ImageObject","inLanguage":"en-US","@id":"https:\/\/www.ocof-cmr.org\/#\/schema\/logo\/image\/","url":"https:\/\/www.ocof-cmr.org\/wp-content\/uploads\/2023\/02\/Variante-1@4x-100.jpg","contentUrl":"https:\/\/www.ocof-cmr.org\/wp-content\/uploads\/2023\/02\/Variante-1@4x-100.jpg","width":714,"height":962,"caption":"ONG Our Children Our Future"},"image":{"@id":"https:\/\/www.ocof-cmr.org\/#\/schema\/logo\/image\/"},"sameAs":["https:\/\/www.facebook.com\/AUNOMDENOSENFANTS\/"]}]}},"_links":{"self":[{"href":"https:\/\/www.ocof-cmr.org\/en\/wp-json\/wp\/v2\/pages\/5314","targetHints":{"allow":["GET"]}}],"collection":[{"href":"https:\/\/www.ocof-cmr.org\/en\/wp-json\/wp\/v2\/pages"}],"about":[{"href":"https:\/\/www.ocof-cmr.org\/en\/wp-json\/wp\/v2\/types\/page"}],"author":[{"embeddable":true,"href":"https:\/\/www.ocof-cmr.org\/en\/wp-json\/wp\/v2\/users\/5"}],"replies":[{"embeddable":true,"href":"https:\/\/www.ocof-cmr.org\/en\/wp-json\/wp\/v2\/comments?post=5314"}],"version-history":[{"count":64,"href":"https:\/\/www.ocof-cmr.org\/en\/wp-json\/wp\/v2\/pages\/5314\/revisions"}],"predecessor-version":[{"id":5396,"href":"https:\/\/www.ocof-cmr.org\/en\/wp-json\/wp\/v2\/pages\/5314\/revisions\/5396"}],"wp:attachment":[{"href":"https:\/\/www.ocof-cmr.org\/en\/wp-json\/wp\/v2\/media?parent=5314"}],"curies":[{"name":"wp","href":"https:\/\/api.w.org\/{rel}","templated":true}]}}